{"id":19,"date":"2019-05-10T09:37:28","date_gmt":"2019-05-10T09:37:28","guid":{"rendered":"https:\/\/fv-gs-wehr.de\/?p=19"},"modified":"2024-11-10T17:12:55","modified_gmt":"2024-11-10T17:12:55","slug":"mitglied-werden","status":"publish","type":"page","link":"https:\/\/fv-gs-wehr.de\/?page_id=19","title":{"rendered":"Mitglied werden"},"content":{"rendered":"<div>\n<h3>Mitglied werden<\/h3>\n<div>\n<p class=\"p1\">Egal ob Oma, Onkel oder Patentante eines derzeitigen Schulkindes, Eltern ehemaliger Sch\u00fcler oder<br \/>\u201eeinfach so\u201c als Beitrag zur (Schul-)Gemeinschaft \u2013 unser Verein freut sich \u00fcber jedes Mitglied! Ab<br \/>einem Jahresbeitrag von<b> nur 12 Euro<\/b> unterst\u00fctzen Sie den F\u00f6rderverein und somit die Kinder<br \/>unserer Schule!<\/p>\n<p class=\"p1\"><strong><a href=\"https:\/\/fv-gs-wehr.de\/wp-content\/uploads\/2024\/11\/Flyer_FV-GS-Wehr.pdf\">Hier<\/a>\u00a0<\/strong>steht unser Beitrittsformular inkl. Einzugserm\u00e4chtigung zum <strong><a href=\"https:\/\/fv-gs-wehr.de\/wp-content\/uploads\/2024\/11\/Flyer_FV-GS-Wehr.pdf\">Download<\/a><\/strong> bereit.<br \/>Alternativ sind gedruckte Beitrittsformulare in der Schule und von jedem Vorstandsmitglied <a href=\"https:\/\/fv-gs-wehr.de\/?page_id=1146\">Der Vorstand<\/a><br \/>erh\u00e4ltlich \u2013 sprechen Sie uns einfach an! Das ausgef\u00fcllte und unterschriebene Formular k\u00f6nnen Sie uns an\u00a0 <a href=\"mailto:info@fv-gs-wehr.de\">info@fv-gs-wehr.de<\/a> senden oder pers\u00f6nlich bei den Vorstandsmitgliedern abgeben.<\/p>\n<\/div>\n<\/div>\n<p><!--more--><br \/>\n<!-- {\"type\":\"layout\",\"children\":[{\"type\":\"section\",\"props\":{\"height\":\"expand\",\"image_position\":\"center-center\",\"style\":\"default\",\"title_breakpoint\":\"xl\",\"title_position\":\"top-left\",\"title_rotation\":\"left\",\"vertical_align\":\"middle\",\"width\":\"default\"},\"children\":[{\"type\":\"row\",\"children\":[{\"type\":\"column\",\"props\":{\"image_position\":\"center-center\",\"position_sticky_breakpoint\":\"m\"},\"children\":[{\"type\":\"panel\",\"props\":{\"content\":\"\n\n<p class=\\\"p1\\\">Egal ob Oma, Onkel oder Patentante eines derzeitigen Schulkindes, Eltern ehemaliger Sch\\u00fcler oder<br \\\/>\\u201eeinfach so\\u201c als Beitrag zur (Schul-)Gemeinschaft \\u2013 unser Verein freut sich \\u00fcber jedes Mitglied! Ab<br \\\/>einem Jahresbeitrag von<b> nur 12 Euro<\\\/b> unterst\\u00fctzen Sie den F\\u00f6rderverein und somit die Kinder<br \\\/>unserer Schule!<\\\/p>\\n\n\n<p class=\\\"p1\\\"><strong><a href=\\\"https:\\\/\\\/fv-gs-wehr.de\\\/wp-content\\\/uploads\\\/2024\\\/11\\\/Flyer_FV-GS-Wehr.pdf\\\">Hier<\\\/a>\\u00a0<\\\/strong>steht unser Beitrittsformular inkl. Einzugserm\\u00e4chtigung zum <strong><a href=\\\"https:\\\/\\\/fv-gs-wehr.de\\\/wp-content\\\/uploads\\\/2024\\\/11\\\/Flyer_FV-GS-Wehr.pdf\\\">Download<\\\/a><\\\/strong> bereit.<br \\\/>Alternativ sind gedruckte Beitrittsformulare in der Schule und von jedem Vorstandsmitglied <a href=\\\"https:\\\/\\\/fv-gs-wehr.de\\\/?page_id=1146\\\">Der Vorstand<\\\/a><br \\\/>erh\\u00e4ltlich \\u2013 sprechen Sie uns einfach an! Das ausgef\\u00fcllte und unterschriebene Formular k\\u00f6nnen Sie uns an\\u00a0 <a href=\\\"mailto:info@fv-gs-wehr.de\\\">info@fv-gs-wehr.de<\\\/a> senden oder pers\\u00f6nlich bei den Vorstandsmitgliedern abgeben.<\\\/p>\",\"content_column_breakpoint\":\"m\",\"icon_width\":80,\"image_align\":\"top\",\"image_grid_breakpoint\":\"m\",\"image_grid_width\":\"1-2\",\"image_svg_color\":\"emphasis\",\"link_style\":\"default\",\"link_text\":\"Read more\",\"margin\":\"default\",\"meta_align\":\"below-title\",\"meta_element\":\"div\",\"meta_style\":\"text-meta\",\"panel_padding\":\"large\",\"panel_style\":\"card-primary\",\"text_align\":\"justify\",\"title\":\"Mitglied werden\",\"title_align\":\"top\",\"title_element\":\"h3\",\"title_grid_breakpoint\":\"m\",\"title_grid_width\":\"1-2\",\"title_hover_style\":\"reset\"}}]}]}]}],\"version\":\"4.0.12\"} --><\/p>\n","protected":false},"excerpt":{"rendered":"<p>Mitglied werden Egal ob Oma, Onkel oder Patentante eines derzeitigen Schulkindes, Eltern ehemaliger Sch\u00fcler oder\u201eeinfach so\u201c als Beitrag zur (Schul-)Gemeinschaft \u2013 unser Verein freut sich \u00fcber jedes Mitglied! Abeinem Jahresbeitrag von nur 12 Euro unterst\u00fctzen Sie den F\u00f6rderverein und somit die Kinderunserer Schule! Hier\u00a0steht unser Beitrittsformular inkl. Einzugserm\u00e4chtigung zum Download bereit.Alternativ sind gedruckte Beitrittsformulare in [&hellip;]<\/p>\n","protected":false},"author":1,"featured_media":0,"parent":0,"menu_order":5,"comment_status":"open","ping_status":"closed","template":"","meta":{"_acf_changed":false,"footnotes":""},"class_list":["post-19","page","type-page","status-publish","hentry"],"acf":[],"_links":{"self":[{"href":"https:\/\/fv-gs-wehr.de\/index.php?rest_route=\/wp\/v2\/pages\/19","targetHints":{"allow":["GET"]}}],"collection":[{"href":"https:\/\/fv-gs-wehr.de\/index.php?rest_route=\/wp\/v2\/pages"}],"about":[{"href":"https:\/\/fv-gs-wehr.de\/index.php?rest_route=\/wp\/v2\/types\/page"}],"author":[{"embeddable":true,"href":"https:\/\/fv-gs-wehr.de\/index.php?rest_route=\/wp\/v2\/users\/1"}],"replies":[{"embeddable":true,"href":"https:\/\/fv-gs-wehr.de\/index.php?rest_route=%2Fwp%2Fv2%2Fcomments&post=19"}],"version-history":[{"count":8,"href":"https:\/\/fv-gs-wehr.de\/index.php?rest_route=\/wp\/v2\/pages\/19\/revisions"}],"predecessor-version":[{"id":1218,"href":"https:\/\/fv-gs-wehr.de\/index.php?rest_route=\/wp\/v2\/pages\/19\/revisions\/1218"}],"wp:attachment":[{"href":"https:\/\/fv-gs-wehr.de\/index.php?rest_route=%2Fwp%2Fv2%2Fmedia&parent=19"}],"curies":[{"name":"wp","href":"https:\/\/api.w.org\/{rel}","templated":true}]}}