{"id":1151,"date":"2024-07-22T02:28:09","date_gmt":"2024-07-22T02:28:09","guid":{"rendered":"https:\/\/fv-gs-wehr.de\/?page_id=1151"},"modified":"2024-11-26T23:06:59","modified_gmt":"2024-11-26T23:06:59","slug":"der-foerderverein","status":"publish","type":"page","link":"https:\/\/fv-gs-wehr.de\/?page_id=1151","title":{"rendered":"Der F\u00f6rderverein"},"content":{"rendered":"<div>\n<h3>Der F\u00f6rderverein<\/h3>\n<div>\n<p>Unser Verein \u201eFreunde und F\u00f6rderer der Grundschule Wehr e.V.\u201c wurde im Jahr 20XX gegr\u00fcndet. Er ist \u2013 wie Eltern, Sch\u00fcler- und Lehrerschaft \u2013 ein Teil der Schulgemeinde und setzt sich zum Ziel, das schulische Angebot f\u00fcr unsere Kinder zu erg\u00e4nzen und das Kollegium bei seiner Arbeit zu unterst\u00fctzen. Wir wollen unsere Schule auch weiterhin attraktiv gestalten und dabei Projekte umsetzen, f\u00fcr die es aus dem begrenzten Budget, das f\u00fcr die Schulen zur Verf\u00fcgung steht, keine Gelder gibt.<\/p>\n<p>Konkret unterst\u00fctzen wir beispielsweise \u2013 bei der Beschaffung von Lern- und Spielmaterialien, Musikinstrumenten und Sportger\u00e4ten \u2013 mit der Bezuschussung von Ausfl\u00fcgen und Klassenfahrten<\/p>\n<p>&#8211; mit der Bezuschussung von Ausfl\u00fcgen der Schulgemeinschaft<br \/>&#8211; mit der Bezuschussung von Klassenfahrten von einkommensschwachen Familien<br \/><span class=\"s1\">\u2013 <\/span>bei der Planung und Durchf\u00fchrung von Schulveranstaltungen<\/p>\n<p class=\"p1\">Unser F\u00f6rderverein ist vom Finanzamt als gemeinn\u00fctzig anerkannt, Zuwendungsbest\u00e4tigungen k\u00f6nnen<br \/>ausgestellt werden (Steuer-Nr. xxx). Die Vorstandsmitglieder sind ehrenamtlich t\u00e4tig.<br \/>Unterst\u00fctzen Sie uns \u2013 <a href=\"https:\/\/fv-gs-wehr.de\/?page_id=19\">werden Sie Mitglied <\/a>\u2013 schon ab 12 Euro im Jahr!<\/p>\n<p class=\"p1\"><strong>Gerne nehmen wir auch Spenden entgegen:<\/strong> <a href=\"https:\/\/fv-gs-wehr.de\/?page_id=21\">Kontodaten<\/a><br \/>Wussten Sie schon, dass Spenden an den F\u00f6rderverein der Grundschule Wehr in Ihrer Steuererkl\u00e4rung abgesetzt werden k\u00f6nnen? &#8211; Sprechen Sie uns gerne an, und wir erstellen Ihnen eine Spendenquittung als Beleg f\u00fcr Ihre Unterst\u00fctzung.<\/p>\n<\/div>\n<\/div>\n<p><!--more--><br \/>\n<!-- {\"type\":\"layout\",\"children\":[{\"name\":\"HOME\",\"type\":\"section\",\"props\":{\"animation\":\"slide-top-small\",\"height\":\"percent\",\"image_effect\":\"parallax\",\"image_fixed\":true,\"image_loading\":true,\"image_parallax_bgy\":\"0,500\",\"image_parallax_breakpoint\":\"m\",\"image_parallax_easing\":\"1\",\"image_position\":\"center-center\",\"media_visibility\":\"s\",\"padding\":\"large\",\"padding_remove_bottom\":false,\"padding_remove_top\":false,\"style\":\"default\",\"title_breakpoint\":\"xl\",\"title_position\":\"top-left\",\"title_rotation\":\"left\",\"vertical_align\":\"middle\",\"width\":\"default\"},\"children\":[{\"type\":\"row\",\"children\":[{\"type\":\"column\",\"props\":{\"image_position\":\"center-center\",\"position_sticky_breakpoint\":\"m\"},\"children\":[{\"type\":\"panel\",\"props\":{\"content\":\"\n\n<p>Unser Verein \\u201eFreunde und F\\u00f6rderer der Grundschule Wehr e.V.\\u201c wurde im Jahr 20XX gegr\\u00fcndet. Er ist \\u2013 wie Eltern, Sch\\u00fcler- und Lehrerschaft \\u2013 ein Teil der Schulgemeinde und setzt sich zum Ziel, das schulische Angebot f\\u00fcr unsere Kinder zu erg\\u00e4nzen und das Kollegium bei seiner Arbeit zu unterst\\u00fctzen. Wir wollen unsere Schule auch weiterhin attraktiv gestalten und dabei Projekte umsetzen, f\\u00fcr die es aus dem begrenzten Budget, das f\\u00fcr die Schulen zur Verf\\u00fcgung steht, keine Gelder gibt.<\\\/p>\\n\n\n<p>Konkret unterst\\u00fctzen wir beispielsweise \\u2013 bei der Beschaffung von Lern- und Spielmaterialien, Musikinstrumenten und Sportger\\u00e4ten \\u2013 mit der Bezuschussung von Ausfl\\u00fcgen und Klassenfahrten<\\\/p>\\n\n\n<p>- mit der Bezuschussung von Ausfl\\u00fcgen der Schulgemeinschaft<br \\\/>- mit der Bezuschussung von Klassenfahrten von einkommensschwachen Familien<br \\\/><span class=\\\"s1\\\">\\u2013 <\\\/span>bei der Planung und Durchf\\u00fchrung von Schulveranstaltungen<\\\/p>\\n\n\n<p class=\\\"p1\\\">Unser F\\u00f6rderverein ist vom Finanzamt als gemeinn\\u00fctzig anerkannt, Zuwendungsbest\\u00e4tigungen k\\u00f6nnen<br \\\/>ausgestellt werden (Steuer-Nr. xxx). Die Vorstandsmitglieder sind ehrenamtlich t\\u00e4tig.<br \\\/>Unterst\\u00fctzen Sie uns \\u2013 <a href=\\\"https:\\\/\\\/fv-gs-wehr.de\\\/?page_id=19\\\">werden Sie Mitglied <\\\/a>\\u2013 schon ab 12 Euro im Jahr!<\\\/p>\\n\n\n<p class=\\\"p1\\\"><strong>Gerne nehmen wir auch Spenden entgegen:<\\\/strong> <a href=\\\"https:\\\/\\\/fv-gs-wehr.de\\\/?page_id=21\\\">Kontodaten<\\\/a><br \\\/>Wussten Sie schon, dass Spenden an den F\\u00f6rderverein der Grundschule Wehr in Ihrer Steuererkl\\u00e4rung abgesetzt werden k\\u00f6nnen? - Sprechen Sie uns gerne an, und wir erstellen Ihnen eine Spendenquittung als Beleg f\\u00fcr Ihre Unterst\\u00fctzung.<\\\/p>\",\"content_align\":false,\"content_column_breakpoint\":\"m\",\"content_dropcap\":false,\"icon_width\":80,\"image_align\":\"top\",\"image_grid_breakpoint\":\"m\",\"image_grid_width\":\"1-2\",\"image_svg_color\":\"emphasis\",\"link_style\":\"default\",\"link_text\":\"Read more\",\"margin\":\"default\",\"meta\":\"\",\"meta_align\":\"below-title\",\"meta_element\":\"div\",\"meta_style\":\"text-meta\",\"panel_padding\":\"default\",\"panel_style\":\"card-primary\",\"text_align\":\"justify\",\"title\":\"Der F\\u00f6rderverein\",\"title_align\":\"top\",\"title_element\":\"h3\",\"title_grid_breakpoint\":\"m\",\"title_grid_width\":\"1-2\",\"title_hover_style\":\"reset\",\"title_margin\":\"remove\"}}]}],\"props\":{\"divider\":true}}]}],\"version\":\"4.0.12\"} --><\/p>\n","protected":false},"excerpt":{"rendered":"<p>Der F\u00f6rderverein Unser Verein \u201eFreunde und F\u00f6rderer der Grundschule Wehr e.V.\u201c wurde im Jahr 20XX gegr\u00fcndet. Er ist \u2013 wie Eltern, Sch\u00fcler- und Lehrerschaft \u2013 ein Teil der Schulgemeinde und setzt sich zum Ziel, das schulische Angebot f\u00fcr unsere Kinder zu erg\u00e4nzen und das Kollegium bei seiner Arbeit zu unterst\u00fctzen. Wir wollen unsere Schule auch [&hellip;]<\/p>\n","protected":false},"author":1,"featured_media":0,"parent":0,"menu_order":0,"comment_status":"closed","ping_status":"closed","template":"","meta":{"_acf_changed":false,"footnotes":""},"class_list":["post-1151","page","type-page","status-publish","hentry"],"acf":[],"_links":{"self":[{"href":"https:\/\/fv-gs-wehr.de\/index.php?rest_route=\/wp\/v2\/pages\/1151","targetHints":{"allow":["GET"]}}],"collection":[{"href":"https:\/\/fv-gs-wehr.de\/index.php?rest_route=\/wp\/v2\/pages"}],"about":[{"href":"https:\/\/fv-gs-wehr.de\/index.php?rest_route=\/wp\/v2\/types\/page"}],"author":[{"embeddable":true,"href":"https:\/\/fv-gs-wehr.de\/index.php?rest_route=\/wp\/v2\/users\/1"}],"replies":[{"embeddable":true,"href":"https:\/\/fv-gs-wehr.de\/index.php?rest_route=%2Fwp%2Fv2%2Fcomments&post=1151"}],"version-history":[{"count":9,"href":"https:\/\/fv-gs-wehr.de\/index.php?rest_route=\/wp\/v2\/pages\/1151\/revisions"}],"predecessor-version":[{"id":1251,"href":"https:\/\/fv-gs-wehr.de\/index.php?rest_route=\/wp\/v2\/pages\/1151\/revisions\/1251"}],"wp:attachment":[{"href":"https:\/\/fv-gs-wehr.de\/index.php?rest_route=%2Fwp%2Fv2%2Fmedia&parent=1151"}],"curies":[{"name":"wp","href":"https:\/\/api.w.org\/{rel}","templated":true}]}}