{"id":1,"date":"2019-05-10T09:37:28","date_gmt":"2019-05-10T09:37:28","guid":{"rendered":"https:\/\/fv-gs-wehr.de\/?p=1"},"modified":"2024-11-10T16:49:06","modified_gmt":"2024-11-10T16:49:06","slug":"home","status":"publish","type":"page","link":"https:\/\/fv-gs-wehr.de\/","title":{"rendered":"Home"},"content":{"rendered":"<div>\n<h3>Warum und wof\u00fcr?<\/h3>\n<p>Liebe Eltern und Freunde der Grundschule Wehr,<\/p>\n<div>\n<p class=\"p1\">Herzlich willkommen auf der Homepage des Vereins &#8222;Freunde und F\u00f6rderer der Grundschule Wehr<br \/>e. V.&#8220; (F\u00f6rderverein der Grundschule Wehr*)! Hier wollen wir \u00fcber Sinn und Zweck des Vereins informieren sowie \u00fcber unsere Aktionen berichten.<\/p>\n<p class=\"p1\">Bei Fragen und Anregungen freuen wir uns \u00fcber eine Nachricht an<i>\u00a0<a href=\"mailto:info@fv-gs-wehr.de\">info@fv-gs-wehr.de <\/a><\/p>\n<p><\/i>Oder sprechen Sie uns<i>\u00a0<\/i><a href=\"https:\/\/fv-gs-wehr.de\/?page_id=1146\">Der Vorstand<\/a> gerne pers\u00f6nlich an \u2013 und werden Sie Mitglied! <i><a href=\"https:\/\/fv-gs-wehr.de\/?page_id=19\">Mitglied werden<\/a><br \/><\/i>Viel Spa\u00df beim Umschauen auf unserer Homepage w\u00fcnscht<\/p>\n<p class=\"p1\"><i><a href=\"https:\/\/fv-gs-wehr.de\/?page_id=1146\">Der Vorstand<\/a><br \/><\/i>* Wehr in der Eifel (Kreis Ahrweiler)<\/p>\n<\/div>\n<\/div>\n<p><!--more--><br \/>\n<!-- {\"name\":\"Home\",\"type\":\"layout\",\"children\":[{\"name\":\"Hero\",\"type\":\"section\",\"props\":{\"animation\":\"slide-top-small\",\"header_transparent\":\"dark\",\"height\":\"expand\",\"image_effect\":\"parallax\",\"image_fixed\":true,\"image_loading\":true,\"image_parallax_bgy\":\"0,500\",\"image_parallax_breakpoint\":\"m\",\"image_parallax_easing\":\"1\",\"image_position\":\"center-center\",\"media_visibility\":\"s\",\"padding\":\"large\",\"padding_remove_bottom\":false,\"padding_remove_top\":false,\"style\":\"default\",\"title_breakpoint\":\"xl\",\"title_position\":\"top-left\",\"title_rotation\":\"left\",\"vertical_align\":\"middle\",\"width\":\"default\"},\"children\":[{\"type\":\"row\",\"children\":[{\"type\":\"column\",\"props\":{\"image_position\":\"center-center\",\"position_sticky_breakpoint\":\"m\"},\"children\":[{\"type\":\"panel\",\"props\":{\"content\":\"\n\n<p class=\\\"p1\\\">Herzlich willkommen auf der Homepage des Vereins \\\"Freunde und F\\u00f6rderer der Grundschule Wehr<br \\\/>e. V.\\\" (F\\u00f6rderverein der Grundschule Wehr*)! Hier wollen wir \\u00fcber Sinn und Zweck des Vereins informieren sowie \\u00fcber unsere Aktionen berichten.<\\\/p>\\n\n\n<p class=\\\"p1\\\">Bei Fragen und Anregungen freuen wir uns \\u00fcber eine Nachricht an<i>\\u00a0<a href=\\\"mailto:info@fv-gs-wehr.de\\\">info@fv-gs-wehr.de <\\\/a><br \\\/><br \\\/><\\\/i>Oder sprechen Sie uns<i>\\u00a0<\\\/i><a href=\\\"https:\\\/\\\/fv-gs-wehr.de\\\/?page_id=1146\\\">Der Vorstand<\\\/a> gerne pers\\u00f6nlich an \\u2013 und werden Sie Mitglied! <i><a href=\\\"https:\\\/\\\/fv-gs-wehr.de\\\/?page_id=19\\\">Mitglied werden<\\\/a><br \\\/><\\\/i>Viel Spa\\u00df beim Umschauen auf unserer Homepage w\\u00fcnscht<\\\/p>\\n\n\n<p class=\\\"p1\\\"><i><a href=\\\"https:\\\/\\\/fv-gs-wehr.de\\\/?page_id=1146\\\">Der Vorstand<\\\/a><br \\\/><\\\/i>* Wehr in der Eifel (Kreis Ahrweiler)<\\\/p>\",\"content_align\":false,\"content_column_breakpoint\":\"m\",\"content_dropcap\":false,\"icon_width\":80,\"image_align\":\"top\",\"image_grid_breakpoint\":\"m\",\"image_grid_width\":\"1-2\",\"image_svg_color\":\"emphasis\",\"link_style\":\"default\",\"link_text\":\"Read more\",\"margin\":\"default\",\"meta\":\"Liebe Eltern und Freunde der Grundschule Wehr,\",\"meta_align\":\"below-title\",\"meta_element\":\"div\",\"meta_style\":\"text-meta\",\"panel_padding\":\"large\",\"panel_style\":\"card-primary\",\"title\":\"Warum und wof\\u00fcr?\",\"title_align\":\"top\",\"title_element\":\"h3\",\"title_grid_breakpoint\":\"m\",\"title_grid_width\":\"1-2\",\"title_hover_style\":\"reset\",\"title_margin\":\"remove\"}}]}],\"props\":{\"divider\":true}}]}],\"version\":\"4.0.12\"} --><\/p>\n","protected":false},"excerpt":{"rendered":"<p>Warum und wof\u00fcr? Liebe Eltern und Freunde der Grundschule Wehr, Herzlich willkommen auf der Homepage des Vereins &#8222;Freunde und F\u00f6rderer der Grundschule Wehre. V.&#8220; (F\u00f6rderverein der Grundschule Wehr*)! Hier wollen wir \u00fcber Sinn und Zweck des Vereins informieren sowie \u00fcber unsere Aktionen berichten. Bei Fragen und Anregungen freuen wir uns \u00fcber eine Nachricht an\u00a0info@fv-gs-wehr.de Oder [&hellip;]<\/p>\n","protected":false},"author":1,"featured_media":0,"parent":0,"menu_order":6,"comment_status":"open","ping_status":"open","template":"","meta":{"_acf_changed":false,"footnotes":""},"class_list":["post-1","page","type-page","status-publish","hentry"],"acf":[],"_links":{"self":[{"href":"https:\/\/fv-gs-wehr.de\/index.php?rest_route=\/wp\/v2\/pages\/1","targetHints":{"allow":["GET"]}}],"collection":[{"href":"https:\/\/fv-gs-wehr.de\/index.php?rest_route=\/wp\/v2\/pages"}],"about":[{"href":"https:\/\/fv-gs-wehr.de\/index.php?rest_route=\/wp\/v2\/types\/page"}],"author":[{"embeddable":true,"href":"https:\/\/fv-gs-wehr.de\/index.php?rest_route=\/wp\/v2\/users\/1"}],"replies":[{"embeddable":true,"href":"https:\/\/fv-gs-wehr.de\/index.php?rest_route=%2Fwp%2Fv2%2Fcomments&post=1"}],"version-history":[{"count":17,"href":"https:\/\/fv-gs-wehr.de\/index.php?rest_route=\/wp\/v2\/pages\/1\/revisions"}],"predecessor-version":[{"id":1208,"href":"https:\/\/fv-gs-wehr.de\/index.php?rest_route=\/wp\/v2\/pages\/1\/revisions\/1208"}],"wp:attachment":[{"href":"https:\/\/fv-gs-wehr.de\/index.php?rest_route=%2Fwp%2Fv2%2Fmedia&parent=1"}],"curies":[{"name":"wp","href":"https:\/\/api.w.org\/{rel}","templated":true}]}}